{"id":375,"date":"2025-07-25T05:32:57","date_gmt":"2025-07-25T05:32:57","guid":{"rendered":"https:\/\/hotro.org\/?page_id=375"},"modified":"2025-08-10T06:35:20","modified_gmt":"2025-08-10T06:35:20","slug":"lien-he","status":"publish","type":"page","link":"https:\/\/hotro.org\/?page_id=375","title":{"rendered":"Li\u00ean h\u1ec7"},"content":{"rendered":"\n<p><em>\u201cN\u1ebfu b\u1ea1n c\u00f3 b\u1ea5t c\u1ee9 th\u1eafc m\u1eafc, g\u00f3p \u00fd xin vui l\u00f2ng li\u00ean h\u1ec7 v\u1edbi ch\u00fang t\u00f4i. Ch\u00fang t\u00f4i s\u1ebd c\u1ed1 g\u1eafng gi\u1ea3i \u0111\u00e1p \u00fd ki\u1ebfn v\u00e0 th\u1eafc m\u1eafc c\u1ee7a b\u1ea1n! \u201c<\/em><\/p>\n\n\n\n<p>Li\u00ean h\u1ec7 qua Facebook:<br><a href=\"https:\/\/facebook.com\/\" target=\"_blank\" rel=\"noreferrer noopener\">https:\/\/facebook.com\/<\/a><\/p>\n\n\n\n<p>Li\u00ean h\u1ec7 qua \u0111\u1ecba ch\u1ec9 email:<br><strong>admin@hotro.org<\/strong><\/p>\n\n\n\n<p>Li\u00ean h\u1ec7 qua s\u1ed1 \u0111i\u1ec7n tho\u1ea1i (Phone\/Zalo\/Telegram):<br><strong>+(84) xxx xxx xxx<\/strong><\/p>\n\n\n\n<p>G\u1eecI TH\u00d4NG TIN LI\u00caN H\u1ec6<\/p>\n\n\n\n<p><em>Xin h\u00e3y nh\u1eadp ch\u00ednh x\u00e1c v\u1ec1 t\u00ean v\u00e0 \u0111\u1ecba ch\u1ec9 email c\u1ee7a b\u1ea1n .Ch\u00fang t\u00f4i s\u1ebd h\u1ed3i \u0111\u00e1p v\u00e0o \u0111\u1ecba ch\u1ec9 email m\u00e0 b\u1ea1n \u0111\u00e3 cung c\u1ea5p.<\/em><\/p>\n","protected":false},"excerpt":{"rendered":"<p>\u201cN\u1ebfu b\u1ea1n c\u00f3 b\u1ea5t c\u1ee9 th\u1eafc m\u1eafc, g\u00f3p \u00fd xin vui l\u00f2ng li\u00ean h\u1ec7 v\u1edbi ch\u00fang t\u00f4i. Ch\u00fang t\u00f4i s\u1ebd c\u1ed1 g\u1eafng gi\u1ea3i \u0111\u00e1p \u00fd ki\u1ebfn v\u00e0 th\u1eafc m\u1eafc c\u1ee7a b\u1ea1n! \u201c Li\u00ean h\u1ec7 qua Facebook:https:\/\/facebook.com\/ Li\u00ean h\u1ec7 qua \u0111\u1ecba ch\u1ec9 email:admin@hotro.org Li\u00ean h\u1ec7 qua s\u1ed1 \u0111i\u1ec7n tho\u1ea1i (Phone\/Zalo\/Telegram):+(84) xxx xxx xxx G\u1eecI TH\u00d4NG TIN LI\u00caN H\u1ec6 Xin h\u00e3y nh\u1eadp ch\u00ednh x\u00e1c v\u1ec1 t\u00ean v\u00e0 \u0111\u1ecba ch\u1ec9 email c\u1ee7a b\u1ea1n .Ch\u00fang t\u00f4i s\u1ebd h\u1ed3i \u0111\u00e1p v\u00e0o \u0111\u1ecba ch\u1ec9 email m\u00e0 b\u1ea1n \u0111\u00e3 cung c\u1ea5p.<\/p>\n","protected":false},"author":1,"featured_media":0,"parent":0,"menu_order":0,"comment_status":"closed","ping_status":"closed","template":"","meta":{"pagelayer_contact_templates":[],"_pagelayer_content":"","footnotes":""},"class_list":["post-375","page","type-page","status-publish","hentry"],"_links":{"self":[{"href":"https:\/\/hotro.org\/index.php?rest_route=\/wp\/v2\/pages\/375","targetHints":{"allow":["GET"]}}],"collection":[{"href":"https:\/\/hotro.org\/index.php?rest_route=\/wp\/v2\/pages"}],"about":[{"href":"https:\/\/hotro.org\/index.php?rest_route=\/wp\/v2\/types\/page"}],"author":[{"embeddable":true,"href":"https:\/\/hotro.org\/index.php?rest_route=\/wp\/v2\/users\/1"}],"replies":[{"embeddable":true,"href":"https:\/\/hotro.org\/index.php?rest_route=%2Fwp%2Fv2%2Fcomments&post=375"}],"version-history":[{"count":2,"href":"https:\/\/hotro.org\/index.php?rest_route=\/wp\/v2\/pages\/375\/revisions"}],"predecessor-version":[{"id":402,"href":"https:\/\/hotro.org\/index.php?rest_route=\/wp\/v2\/pages\/375\/revisions\/402"}],"wp:attachment":[{"href":"https:\/\/hotro.org\/index.php?rest_route=%2Fwp%2Fv2%2Fmedia&parent=375"}],"curies":[{"name":"wp","href":"https:\/\/api.w.org\/{rel}","templated":true}]}}