{"id":3,"date":"2025-04-13T08:43:27","date_gmt":"2025-04-13T08:43:27","guid":{"rendered":"https:\/\/hotro.org\/?page_id=3"},"modified":"2025-08-10T06:33:45","modified_gmt":"2025-08-10T06:33:45","slug":"privacy-policy","status":"publish","type":"page","link":"https:\/\/hotro.org\/?page_id=3","title":{"rendered":"Ch\u00ednh s\u00e1ch b\u1ea3o m\u1eadt"},"content":{"rendered":"\n<h2 class=\"wp-block-heading\"><strong>CH\u00cdNH S\u00c1CH V\u1ec0 N\u1ed8I DUNG<\/strong><\/h2>\n\n\n<div class=\"wp-block-image\">\n<figure class=\"alignleft\"><img decoding=\"async\" src=\"https:\/\/caodem.com\/wp-content\/uploads\/2019\/03\/caodem-nd-gt.png\" alt=\"\" class=\"wp-image-160\"\/><\/figure>\n<\/div>\n\n\n<p><strong>1. Gi\u1edbi thi\u1ec7u ch\u00ednh s\u00e1ch n\u1ed9i dung.<\/strong><br>N\u1ed9i dung tr\u00ean C\u00e1o \u0110\u00eam l\u00e0 nh\u1eefng b\u00e0i vi\u1ebft c\u00e1 nh\u00e2n. V\u1edbi mong mu\u1ed1n mang \u0111\u1ebfn cho c\u00e1c b\u1ea1n ki\u1ebfn th\u1ee9c v\u1ec1 c\u00f4ng ngh\u1ec7 trong \u0111\u1eddi s\u1ed1ng h\u00e0ng ng\u00e0y\u2026vvv. C\u00e1c n\u1ed9i dung n\u00e0y \u0111\u01b0\u1ee3c vi\u1ebft b\u1edfi nh\u00f3m C\u00e1o \u0110\u00eam v\u00e0 \u0111\u01b0\u1ee3c chia s\u1ebb c\u00f4ng khai tr\u00ean c\u00e1c c\u00f4ng c\u1ee5 chia s\u1ebb tr\u1ef1c tuy\u1ebfn.<\/p>\n\n\n<div class=\"wp-block-image\">\n<figure class=\"alignleft\"><img decoding=\"async\" src=\"https:\/\/caodem.com\/wp-content\/uploads\/2019\/03\/caodem-nd-kh.png\" alt=\"\" class=\"wp-image-161\"\/><\/figure>\n<\/div>\n\n\n<p><strong>2. N\u1ed9i dung b\u00e0i vi\u1ebft v\u00e0 h\u00ecnh \u1ea3nh kh\u00e1c.<\/strong><br>C\u00e1c n\u1ed9i dung b\u00e0i vi\u1ebft m\u00e0 C\u00e1o \u0110\u00eam d\u1eabn ngu\u1ed3n s\u1ebd \u0111\u01b0\u1ee3c g\u1eafn m\u00e1c chia s\u1ebb, c\u0169ng nh\u01b0 c\u00f3 s\u1eb5n li\u00ean k\u1ebft \u0111\u1ebfn trang ch\u1ee7 c\u1ee7a b\u00e0i vi\u1ebft \u0111\u00f3.<br>Cung c\u1ea5p h\u1ea1n ch\u1ebf m\u1ed9t s\u1ed1 h\u00ecnh \u1ea3nh t\u1eeb c\u00e1c ngu\u1ed3n b\u00ean ngo\u00e0i, c\u00e1c h\u00ecnh \u1ea3nh n\u00e0y nh\u1eb1m gi\u00fap cho c\u00e1c b\u1ea1n c\u00f3 c\u00e1i nh\u00ecn r\u00f5 h\u01a1n v\u1ec1 n\u1ed9i dung b\u00e0i vi\u1ebft \u0111\u00e3 chia s\u1ebb.<\/p>\n\n\n<div class=\"wp-block-image\">\n<figure class=\"alignleft\"><img decoding=\"async\" src=\"https:\/\/caodem.com\/wp-content\/uploads\/2019\/03\/caodem-nd-qc.png\" alt=\"\" class=\"wp-image-162\"\/><\/figure>\n<\/div>\n\n\n<p><strong>3. N\u1ed9i dung qu\u1ea3ng c\u00e1o.<\/strong><br>M\u1ed9t v\u00e0i m\u1eabu qu\u1ea3ng c\u00e1o r\u1ea5t c\u00f3 th\u1ec3 s\u1ebd xu\u1ea5t hi\u1ec7n tr\u00ean tr\u00ecnh duy\u1ec7t c\u1ee7a b\u1ea1n, c\u00e1c m\u1eabu qu\u1ea3ng c\u00e1o n\u00e0y \u0111\u01b0\u1ee3c C\u00e1o \u0110\u00eam \u0111\u01b0a v\u00e0o, nh\u1eb1m duy tr\u00ec chi ph\u00ed ho\u1ea1t \u0111\u1ed9ng c\u1ee7a trang. \u0110\u00e2y c\u0169ng l\u00e0 m\u1ed9t ph\u1ea7n \u0111\u1ed9ng l\u1ef1c gi\u00fap cho C\u00e1o \u0110\u00eam ph\u00e1t tri\u1ec3n \u0111\u1ec3 mang \u0111\u1ebfn cho c\u1ed9ng \u0111\u1ed3ng m\u1ed9t trang chia s\u1ebb th\u00f4ng tin b\u1ed5 \u00edch, thi\u1ebft th\u1ef1c.<br>N\u1ed9i dung c\u1ee7a qu\u1ea3ng c\u00e1o s\u1ebd \u0111\u01b0\u1ee3c hi\u1ec3n th\u1ecb c\u00f4ng khai, r\u00f5 r\u00e0ng. S\u1ebd kh\u00f4ng th\u1ef1c s\u1ef1 \u1ea3nh h\u01b0\u1edfng \u0111\u1ebfn c\u00e1c tr\u1ea3i nghi\u1ec7m c\u1ee7a b\u1ea1n.<\/p>\n\n\n<div class=\"wp-block-image\">\n<figure class=\"alignleft\"><img decoding=\"async\" src=\"https:\/\/caodem.com\/wp-content\/uploads\/2019\/03\/caodem-nd-tkcx.png\" alt=\"\" class=\"wp-image-163\"\/><\/figure>\n<\/div>\n\n\n<p><strong>4. N\u1ed9i dung thi\u1ebfu ho\u1eb7c kh\u00f4ng ch\u00ednh x\u00e1c.<\/strong><br>V\u00ec \u0111\u00e2y l\u00e0 m\u1ed9t trang chia s\u1ebb v\u1edbi n\u1ed9i dung \u0111\u01b0\u1ee3c vi\u1ebft b\u1edfi c\u00e1 nh\u00e2n. N\u00ean r\u1ea5t c\u00f3 th\u1ec3 s\u1ebd c\u00f3 th\u00f4ng tin thi\u1ebfu ho\u1eb7c kh\u00f4ng ch\u00ednh x\u00e1c. N\u1ebfu b\u1ea1n \u0111\u1ecdc v\u00e0 c\u1ea3m th\u1ea5y th\u00f4ng tin tr\u00ean thi\u1ebfu, ho\u1eb7c kh\u00f4ng th\u1ef1c s\u1ef1 ch\u00ednh x\u00e1c. H\u00e3y li\u00ean h\u1ec7 v\u1edbi C\u00e1o \u0110\u00eam \u0111\u1ec3 \u0111\u01b0\u1ee3c gi\u1ea3i \u0111\u00e1p th\u1eafc m\u1eafc, c\u0169ng nh\u01b0 C\u00e1o \u0110\u00eam s\u1ebd xem x\u00e9t l\u1ea1i n\u1ed9i dung \u0111\u00e3 \u0111\u0103ng t\u1ea3i. \u0110\u1ed1i v\u1edbi n\u1ed9i dung kh\u00f4ng ch\u00ednh x\u00e1c s\u1ebd b\u1ecb x\u00f3a, ho\u1eb7c \u0111\u01b0\u1ee3c ch\u1ec9nh s\u1eeda l\u1ea1i \u0111\u1ec3 ch\u00ednh x\u00e1c v\u00e0 ph\u00f9 h\u1ee3p h\u01a1n.<\/p>\n\n\n\n<p><strong>CH\u00cdNH S\u00c1CH V\u1ec0 B\u1ea2O M\u1eacT<\/strong><\/p>\n\n\n<div class=\"wp-block-image\">\n<figure class=\"alignleft\"><img decoding=\"async\" src=\"https:\/\/caodem.com\/wp-content\/uploads\/2019\/03\/caodem-gt.png\" alt=\"\" class=\"wp-image-153\"\/><\/figure>\n<\/div>\n\n\n<p><strong>1. Gi\u1edbi thi\u1ec7u ch\u00ednh s\u00e1ch b\u1ea3o m\u1eadt.&nbsp;<\/strong><br>Vi\u1ec7c b\u1ea1n s\u1eed d\u1ee5ng C\u00e1o \u0110\u00eam l\u00e0 b\u1ea1n \u0111\u00e3 tin t\u01b0\u1edfng v\u1ec1 th\u00f4ng tin, h\u00ecnh \u1ea3nh \u0111\u00e3 cung c\u1ea5p. Th\u00f4ng qua ch\u00ednh s\u00e1ch b\u1ea3o m\u1eadt n\u00e0y, hi v\u1ecdng gi\u00fap c\u00e1c b\u1ea1n c\u00f3 th\u1ec3 hi\u1ec3u r\u00f5 h\u01a1n v\u1ec1 nh\u1eefng m\u1ed1i li\u00ean k\u1ebft, c\u0169ng nh\u01b0 vi\u1ec7c thu th\u1eadp th\u00f4ng tin c\u00e1c nh\u00e2n c\u1ee7a b\u1ea1n.<\/p>\n\n\n\n<p><\/p>\n\n\n<div class=\"wp-block-image\">\n<figure class=\"alignleft\"><img decoding=\"async\" src=\"https:\/\/caodem.com\/wp-content\/uploads\/2019\/03\/caodem-tt.png\" alt=\"\" class=\"wp-image-154\"\/><\/figure>\n<\/div>\n\n\n<p><strong>2. C\u00f3 thu th\u1eadp th\u00f4ng tin t\u1eeb b\u1ea1n hay kh\u00f4ng.<\/strong><br>C\u00f3 th\u1ec3 m\u1ed9t v\u00e0i ti\u1ec7n \u00edch m\u00e0 C\u00e1o \u0110\u00eam cung c\u1ea5p y\u00eau c\u1ea7u li\u00ean k\u1ebft t\u00e0i kho\u1ea3n nh\u01b0 vi\u1ec7c chia s\u1ebb, b\u00ecnh lu\u1eadn\u2026 Tuy nhi\u00ean nh\u1eefng th\u00f4ng tin n\u00e0y ho\u00e0n to\u00e0n \u0111\u01b0\u1ee3c b\u1ea3o m\u1eadt tuy\u1ec7t \u0111\u1ed1i v\u00e0 C\u00e1o \u0110\u00eam kh\u00f4ng thu th\u1eadp b\u1ea5t c\u1eeb g\u00ec t\u1eeb vi\u1ec7c b\u1ea1n s\u1eed d\u1ee5ng c\u00e1c ti\u1ec7n \u00edch n\u00eau tr\u00ean, v\u1eady n\u00ean c\u00e1c b\u1ea1n kh\u00f4ng c\u1ea7n ph\u1ea3i lo l\u1eafng t\u1eeb c\u00e1c ti\u1ec7n \u00edch n\u00e0y.<\/p>\n\n\n<div class=\"wp-block-image\">\n<figure class=\"alignleft\"><img decoding=\"async\" src=\"https:\/\/caodem.com\/wp-content\/uploads\/2019\/03\/caodem-t3.png\" alt=\"\" class=\"wp-image-155\"\/><\/figure>\n<\/div>\n\n\n<p><strong>3. C\u00e1c b\u00ean th\u1ee9 ba.<\/strong><br>C\u00f3 th\u1ec3 C\u00e1o \u0110\u00eam s\u1eed d\u1ee5ng m\u1ed9t v\u00e0i ti\u1ec7n t\u00edch t\u1eeb b\u00ean th\u1ee9 ba, c\u00e1c ti\u1ec7n \u00edch n\u00e0y ch\u1ec9 ph\u1ee5c v\u1ee5 cho c\u00e1c tr\u1ea3i nghi\u1ec7m c\u1ee7a b\u1ea1n t\u1ed1t h\u01a1n.&nbsp;<br>C\u00f3 kh\u00e1 nhi\u1ec1u \u0111\u1ecba ch\u1ec9 li\u00ean k\u1ebft th\u00f4ng qua b\u00e0i \u0111\u0103ng m\u00e0 C\u00e1o \u0110\u00eam \u0111\u00e3 \u0111\u01b0a v\u00e0o, nh\u1eefng li\u00ean k\u1ebft n\u00e0y gi\u00fap cho c\u00e1c b\u1ea1n truy c\u1eadp nhanh \u0111\u1ebfn nh\u1eefng n\u1ed9i dung m\u00e0 C\u00e1o \u0110\u00eam chia s\u1ebb. Kh\u00f4ng c\u00f3 b\u1ea5t c\u1ee9 li\u00ean k\u1ebft n\u00e0o \u0111\u1ebfn c\u00e1c d\u1ecbch v\u1ee5 \u0111\u00e1nh c\u1eafp th\u00f4ng tin, hay c\u00e1c trang c\u00f3 n\u1ed9i dung l\u1eeba \u0111\u1ea3o, chi\u1ebfm \u0111o\u1ea1t t\u00e0i kho\u1ea3n.<\/p>\n\n\n<div class=\"wp-block-image\">\n<figure class=\"alignleft\"><img decoding=\"async\" src=\"https:\/\/caodem.com\/wp-content\/uploads\/2019\/03\/caodem-bm.png\" alt=\"\" class=\"wp-image-156\"\/><\/figure>\n<\/div>\n\n\n<p><strong>4. C\u00e1c bi\u1ec7n ph\u00e1p b\u1ea3o m\u1eadt.<\/strong><br>C\u00e1o \u0110\u00eam s\u1eed d\u1ee5ng c\u00e1c bi\u1ec7n ph\u00e1p b\u1ea3o m\u1eadt th\u00f4ng th\u01b0\u1eddng c\u1ee7a m\u1ed9t trang c\u00e1 nh\u00e2n. Tuy nhi\u00ean C\u00e1o \u0110\u00eam kh\u00f4ng \u0111\u1ea3m b\u1ea3o v\u1ec1 t\u00ednh b\u1ea3o m\u1eadt th\u00f4ng tin c\u0169ng nh\u01b0 quy\u1ec1n ri\u00eang t\u01b0 c\u1ee7a b\u1ea1n. C\u00e1o \u0110\u00eam khuy\u00ean b\u1ea1n n\u00ean s\u1eed d\u1ee5ng c\u00e1c bi\u1ec7n ph\u00e1p b\u1ea3o m\u1eadt nh\u01b0 ph\u1ea7n m\u1ec1m di\u1ec7t virus, t\u01b0\u1eddng l\u1eeda, \u0111\u1ec3 b\u1ea3o v\u1ec7 b\u1ea1n kh\u1ecfi c\u00e1c m\u1ed1i \u0111e d\u1ecda v\u1ec1 b\u1ea3o m\u1eadt th\u00f4ng tin v\u00e0 quy\u1ec1n ri\u00eang t\u01b0.<\/p>\n\n\n\n<p><strong><em>Nh\u00f3m H\u1ed7 Tr\u1ee3<\/em><\/strong><\/p>\n","protected":false},"excerpt":{"rendered":"<p>CH\u00cdNH S\u00c1CH V\u1ec0 N\u1ed8I DUNG 1. Gi\u1edbi thi\u1ec7u ch\u00ednh s\u00e1ch n\u1ed9i dung.N\u1ed9i dung tr\u00ean C\u00e1o \u0110\u00eam l\u00e0 nh\u1eefng b\u00e0i vi\u1ebft c\u00e1 nh\u00e2n. V\u1edbi mong mu\u1ed1n mang \u0111\u1ebfn cho c\u00e1c b\u1ea1n ki\u1ebfn th\u1ee9c v\u1ec1 c\u00f4ng ngh\u1ec7 trong \u0111\u1eddi s\u1ed1ng h\u00e0ng ng\u00e0y\u2026vvv. C\u00e1c n\u1ed9i dung n\u00e0y \u0111\u01b0\u1ee3c vi\u1ebft b\u1edfi nh\u00f3m C\u00e1o \u0110\u00eam v\u00e0 \u0111\u01b0\u1ee3c chia s\u1ebb c\u00f4ng khai tr\u00ean c\u00e1c c\u00f4ng c\u1ee5 chia s\u1ebb tr\u1ef1c tuy\u1ebfn. 2. N\u1ed9i dung b\u00e0i vi\u1ebft v\u00e0 h\u00ecnh \u1ea3nh kh\u00e1c.C\u00e1c n\u1ed9i dung b\u00e0i vi\u1ebft m\u00e0 C\u00e1o \u0110\u00eam d\u1eabn ngu\u1ed3n s\u1ebd \u0111\u01b0\u1ee3c g\u1eafn m\u00e1c chia s\u1ebb, c\u0169ng nh\u01b0 c\u00f3 s\u1eb5n li\u00ean k\u1ebft \u0111\u1ebfn trang ch\u1ee7 c\u1ee7a b\u00e0i vi\u1ebft <\/p>\n","protected":false},"author":1,"featured_media":0,"parent":0,"menu_order":0,"comment_status":"closed","ping_status":"open","template":"","meta":{"pagelayer_contact_templates":[],"_pagelayer_content":"","footnotes":""},"class_list":["post-3","page","type-page","status-publish","hentry"],"_links":{"self":[{"href":"https:\/\/hotro.org\/index.php?rest_route=\/wp\/v2\/pages\/3","targetHints":{"allow":["GET"]}}],"collection":[{"href":"https:\/\/hotro.org\/index.php?rest_route=\/wp\/v2\/pages"}],"about":[{"href":"https:\/\/hotro.org\/index.php?rest_route=\/wp\/v2\/types\/page"}],"author":[{"embeddable":true,"href":"https:\/\/hotro.org\/index.php?rest_route=\/wp\/v2\/users\/1"}],"replies":[{"embeddable":true,"href":"https:\/\/hotro.org\/index.php?rest_route=%2Fwp%2Fv2%2Fcomments&post=3"}],"version-history":[{"count":3,"href":"https:\/\/hotro.org\/index.php?rest_route=\/wp\/v2\/pages\/3\/revisions"}],"predecessor-version":[{"id":368,"href":"https:\/\/hotro.org\/index.php?rest_route=\/wp\/v2\/pages\/3\/revisions\/368"}],"wp:attachment":[{"href":"https:\/\/hotro.org\/index.php?rest_route=%2Fwp%2Fv2%2Fmedia&parent=3"}],"curies":[{"name":"wp","href":"https:\/\/api.w.org\/{rel}","templated":true}]}}