{"id":2,"date":"2025-04-13T08:43:27","date_gmt":"2025-04-13T08:43:27","guid":{"rendered":"https:\/\/hotro.org\/?page_id=2"},"modified":"2025-08-10T10:02:03","modified_gmt":"2025-08-10T10:02:03","slug":"gioi-thieu","status":"publish","type":"page","link":"https:\/\/hotro.org\/?page_id=2","title":{"rendered":"Gi\u1edbi thi\u1ec7u"},"content":{"rendered":"\n<figure class=\"wp-block-gallery has-nested-images columns-default is-cropped wp-block-gallery-1 is-layout-flex wp-block-gallery-is-layout-flex\">\n<figure class=\"wp-block-image size-full\"><img loading=\"lazy\" decoding=\"async\" width=\"610\" height=\"136\" data-id=\"383\" src=\"https:\/\/hotro.org\/wp-content\/uploads\/2025\/08\/logo.png\" alt=\"\" class=\"wp-image-383\"\/><\/figure>\n<\/figure>\n\n\n\n<p><strong>H\u1ed7 Tr\u1ee3<\/strong> l\u00e0 m\u1ed9t trang chia s\u1ebb c\u1ed9ng \u0111\u1ed3ng ho\u1ea1t \u0111\u1ed9ng v\u1edbi ti\u00eau ch\u00ed nh\u01b0 sau:<br>Mang l\u1ea1i nh\u1eefng gi\u00e1 tr\u1ecb nh\u00e2n v\u0103n, nh\u1eefng l\u1ee3i \u00edch thi\u1ebft th\u1ef1c t\u1eeb vi\u1ec7c chia s\u1ebb ki\u1ebfn th\u1ee9c v\u1ec1 c\u00f4ng ngh\u1ec7 th\u00f4ng tin trong \u0111\u1eddi s\u1ed1ng h\u1eb1ng ng\u00e0y. N\u00f3 l\u00e0 th\u00e0nh qu\u1ea3 \u0111\u00fac k\u1ebft t\u1eeb nh\u1eefng tr\u1ea3i nghi\u1ec7m c\u1ee7a nh\u1eefng th\u00e0nh vi\u00ean v\u00e0 h\u1ecdc h\u1ecfi t\u1eeb nh\u1eefng ngu\u1ed3n t\u1ed1t nh\u1ea5t tr\u00ean internet.<br>Th\u00f4ng qua trang chia s\u1ebb caodem.com, hi v\u1ecdng c\u00f3 th\u1ec3 mang l\u1ea1i cho c\u00e1c b\u1ea1n nh\u1eefng n\u1ed9i dung hay v\u00e0 c\u1ea7n thi\u1ebft, c\u0169ng nh\u01b0 nh\u1eadn \u0111\u01b0\u1ee3c h\u1ed5 tr\u1ee3 \u0111\u1ea7y \u0111\u1ee7 v\u00e0 r\u00f5 r\u00e0ng trong l\u0129nh v\u1ef1c thi\u1ebft y\u1ebfu m\u00e0 b\u1ea1n \u0111ang t\u00ecm ki\u1ebfm.<\/p>\n\n\n\n<p><strong>M\u00e3 ngu\u1ed3n ho\u00e0n to\u00e0n mi\u1ec5n ph\u00ed<\/strong><\/p>\n\n\n\n<figure class=\"wp-block-image\"><img decoding=\"async\" src=\"https:\/\/caodem.com\/wp-content\/uploads\/caodem-hinh-anh-code-wordpress.png\" alt=\"\" class=\"wp-image-4757\"\/><\/figure>\n\n\n\n<p><strong>L\u01b0u tr\u1eef website \u0111\u01b0\u1ee3c qu\u1ea3n l\u00fd b\u1edfi<\/strong><\/p>\n\n\n\n<figure class=\"wp-block-image\"><img decoding=\"async\" src=\"https:\/\/caodem.com\/wp-content\/uploads\/caodem-hinh-anh-vultr-logo.png\" alt=\"\" class=\"wp-image-4752\"\/><\/figure>\n\n\n\n<p><strong>T\u00ean mi\u1ec1n \u0111\u01b0\u1ee3c qu\u1ea3n l\u00fd b\u1edfi<\/strong><\/p>\n\n\n\n<figure class=\"wp-block-image\"><a href=\"https:\/\/namecheap.com\" target=\"_blank\" rel=\"noreferrer noopener\"><img decoding=\"async\" src=\"https:\/\/caodem.com\/wp-content\/uploads\/2019\/03\/tenmien-caodem.png\" alt=\"T\u00ean mi\u1ec1n Namecheap caodem.com\" class=\"wp-image-80\"\/><\/a><\/figure>\n\n\n\n<p><strong>Bi\u1ec3u t\u01b0\u1ee3ng nh\u1eadn di\u1ec7n c\u1ee7a C\u00e1o \u0110\u00eam<\/strong><\/p>\n\n\n\n<figure class=\"wp-block-image size-full\"><img loading=\"lazy\" decoding=\"async\" width=\"610\" height=\"136\" src=\"https:\/\/hotro.org\/wp-content\/uploads\/2025\/08\/logo.png\" alt=\"\" class=\"wp-image-383\"\/><\/figure>\n\n\n\n<p>Trang \u0111\u01b0\u1ee3c thi\u1ebft k\u1ebf \u0111\u1ec3 ch\u1ea1y t\u1ed1t tr\u00ean h\u1ea7u h\u1ebft c\u00e1c thi\u1ebft b\u1ecb nh\u01b0 PC, Laptop, Iphone 5, Iphone 6\/6S\/7, Iphone 6Plus\/7Plus\/8Plus, Iphone Xr\/X\/Xs Max, Galaxy S6\/S7\/S8, Galaxy Note6\/Note7\/Note8, Google Pixel 2\/2XL, Ipad\/Ipad Pro.<\/p>\n\n\n\n<p><strong>\u00a9 2021 H\u1ed7 Tr\u1ee3<\/strong><br>N\u1ed9i dung c\u1ee7a b\u00e0i vi\u1ebft thu\u1ed9c v\u1ec1 H\u1ed7 Tr\u1ee3, vi\u1ec7c d\u1eabn ngu\u1ed3n ho\u1eb7c sao ch\u00e9p m\u1ed9t ph\u1ea7n b\u00e0i vi\u1ebft, c\u1ea7n ph\u1ea3i h\u1ecfi v\u00e0 \u0111\u01b0\u1ee3c s\u1ef1 ph\u00ea chu\u1ea9n t\u1eeb ph\u00eda H\u1ed7 Tr\u1ee3.<\/p>\n\n\n\n<p><\/p>\n","protected":false},"excerpt":{"rendered":"<p>H\u1ed7 Tr\u1ee3 l\u00e0 m\u1ed9t trang chia s\u1ebb c\u1ed9ng \u0111\u1ed3ng ho\u1ea1t \u0111\u1ed9ng v\u1edbi ti\u00eau ch\u00ed nh\u01b0 sau:Mang l\u1ea1i nh\u1eefng gi\u00e1 tr\u1ecb nh\u00e2n v\u0103n, nh\u1eefng l\u1ee3i \u00edch thi\u1ebft th\u1ef1c t\u1eeb vi\u1ec7c chia s\u1ebb ki\u1ebfn th\u1ee9c v\u1ec1 c\u00f4ng ngh\u1ec7 th\u00f4ng tin trong \u0111\u1eddi s\u1ed1ng h\u1eb1ng ng\u00e0y. N\u00f3 l\u00e0 th\u00e0nh qu\u1ea3 \u0111\u00fac k\u1ebft t\u1eeb nh\u1eefng tr\u1ea3i nghi\u1ec7m c\u1ee7a nh\u1eefng th\u00e0nh vi\u00ean v\u00e0 h\u1ecdc h\u1ecfi t\u1eeb nh\u1eefng ngu\u1ed3n t\u1ed1t nh\u1ea5t tr\u00ean internet.Th\u00f4ng qua trang chia s\u1ebb caodem.com, hi v\u1ecdng c\u00f3 th\u1ec3 mang l\u1ea1i cho c\u00e1c b\u1ea1n nh\u1eefng n\u1ed9i dung hay v\u00e0 c\u1ea7n thi\u1ebft, c\u0169ng nh\u01b0 nh\u1eadn \u0111\u01b0\u1ee3c h\u1ed5 tr\u1ee3 \u0111\u1ea7y \u0111\u1ee7 v\u00e0 r\u00f5 r\u00e0ng trong <\/p>\n","protected":false},"author":1,"featured_media":0,"parent":0,"menu_order":0,"comment_status":"closed","ping_status":"closed","template":"","meta":{"pagelayer_contact_templates":[],"_pagelayer_content":"","footnotes":""},"class_list":["post-2","page","type-page","status-publish","hentry"],"_links":{"self":[{"href":"https:\/\/hotro.org\/index.php?rest_route=\/wp\/v2\/pages\/2","targetHints":{"allow":["GET"]}}],"collection":[{"href":"https:\/\/hotro.org\/index.php?rest_route=\/wp\/v2\/pages"}],"about":[{"href":"https:\/\/hotro.org\/index.php?rest_route=\/wp\/v2\/types\/page"}],"author":[{"embeddable":true,"href":"https:\/\/hotro.org\/index.php?rest_route=\/wp\/v2\/users\/1"}],"replies":[{"embeddable":true,"href":"https:\/\/hotro.org\/index.php?rest_route=%2Fwp%2Fv2%2Fcomments&post=2"}],"version-history":[{"count":4,"href":"https:\/\/hotro.org\/index.php?rest_route=\/wp\/v2\/pages\/2\/revisions"}],"predecessor-version":[{"id":403,"href":"https:\/\/hotro.org\/index.php?rest_route=\/wp\/v2\/pages\/2\/revisions\/403"}],"wp:attachment":[{"href":"https:\/\/hotro.org\/index.php?rest_route=%2Fwp%2Fv2%2Fmedia&parent=2"}],"curies":[{"name":"wp","href":"https:\/\/api.w.org\/{rel}","templated":true}]}}